{"id":4758,"date":"2023-08-28T16:25:29","date_gmt":"2023-08-28T16:25:29","guid":{"rendered":"https:\/\/darksidewood.com\/spalone-drewno\/darksidewood-natural-maumedis\/"},"modified":"2023-11-15T09:55:44","modified_gmt":"2023-11-15T09:55:44","slug":"darksidewood-natural-maumedis","status":"publish","type":"page","link":"https:\/\/darksidewood.com\/pl\/spalone-drewno\/darksidewood-natural-maumedis\/","title":{"rendered":"DARKSIDEWOOD MODRZEW NATURALNY"},"content":{"rendered":"<div  class=\"tatsu-BJ-GeEmR3M tatsu-section    tatsu-clearfix\" data-title=\"\"  data-headerscheme=\"background--dark\"><div class='tatsu-section-pad clearfix' data-padding='{\"d\":\"220px 0px 220px 0px \"}' data-padding-top='220px'><div class=\"tatsu-row-wrap  tatsu-wrap tatsu-row-one-col tatsu-row-has-one-cols tatsu-medium-gutter tatsu-reg-cols  tatsu-clearfix tatsu-HklzeE7A2f\" ><div  class=\"tatsu-row \" ><div  class=\"tatsu-column  tatsu-column-no-bg tatsu-one-col tatsu-column-image-none tatsu-column-effect-none  tatsu-HyfeVXRhf\"  data-parallax-speed=\"0\" style=\"\"><div class=\"tatsu-column-inner \" ><div class=\"tatsu-column-pad-wrap\"><div class=\"tatsu-column-pad\" ><div  class=\"tatsu-module tatsu-text-block-wrap tatsu-RXEX7hgg_  sb-h1\"><div class=\"tatsu-text-inner tatsu-align-center  clearfix\" ><style>.tatsu-RXEX7hgg_.tatsu-text-block-wrap .tatsu-text-inner{width: 100%;text-align: left;color: rgba(255,255,255,1) ;}.tatsu-RXEX7hgg_ .tatsu-text-inner *{color: rgba(255,255,255,1) ;}.tatsu-RXEX7hgg_.tatsu-text-block-wrap .tatsu-text-inner *{text-transform : uppercase;}<\/style>\n<h1 style=\"text-align: center;\"><strong>DARKSIDEWOOD Naturalny modrzew<\/strong><\/h1>\n<\/div><\/div><\/div><\/div><div class = \"tatsu-column-bg-image-wrap\"><div class = \"tatsu-column-bg-image\" ><\/div><\/div><\/div><style>.tatsu-row > .tatsu-HyfeVXRhf.tatsu-column{width: 100%;}.tatsu-HyfeVXRhf.tatsu-column > .tatsu-column-inner > .tatsu-column-overlay{mix-blend-mode: none;}.tatsu-HyfeVXRhf > .tatsu-column-inner > .tatsu-top-divider{z-index: 9999;}.tatsu-HyfeVXRhf > .tatsu-column-inner > .tatsu-bottom-divider{z-index: 9999;}.tatsu-HyfeVXRhf > .tatsu-column-inner > .tatsu-left-divider{z-index: 9999;}.tatsu-HyfeVXRhf > .tatsu-column-inner > .tatsu-right-divider{z-index: 9999;}<\/style><\/div><\/div><\/div><\/div><div class=\"tatsu-section-background-wrap\"><div class = \"tatsu-section-background\" ><\/div><\/div><style>.tatsu-BJ-GeEmR3M .tatsu-section-background{background-image: url(https:\/\/darksidewood.com\/wp-content\/uploads\/2020\/12\/maumedis_natural-1.jpg);background-repeat: no-repeat;background-attachment: scroll;background-position: bottom center;background-size: cover;}.tatsu-BJ-GeEmR3M .tatsu-bg-blur{background-repeat: no-repeat;background-attachment: scroll;background-position: bottom center;background-size: cover;}.tatsu-BJ-GeEmR3M .tatsu-section-pad{padding: 220px 0px 220px 0px ;}.tatsu-BJ-GeEmR3M > .tatsu-bottom-divider{z-index: 9999;}.tatsu-BJ-GeEmR3M > .tatsu-top-divider{z-index: 9999;}<\/style><\/div><div  class=\"tatsu-eRFUYusLg tatsu-section    tatsu-clearfix\" data-title=\"\"  data-headerscheme=\"background--dark\"><div class='tatsu-section-pad clearfix' data-padding='{\"d\":\"45px 0% 45px 0%\"}' data-padding-top='45px'><div class=\"tatsu-row-wrap  tatsu-wrap tatsu-row-one-col tatsu-row-has-one-cols tatsu-medium-gutter tatsu-reg-cols  tatsu-clearfix tatsu-OD4BzNf-2Z\" ><div  class=\"tatsu-row \" ><div  class=\"tatsu-column  tatsu-column-no-bg tatsu-one-col tatsu-column-image-none tatsu-column-effect-none  tatsu-XINY5WqCth\"  data-parallax-speed=\"0\" style=\"\"><div class=\"tatsu-column-inner \" ><div class=\"tatsu-column-pad-wrap\"><div class=\"tatsu-column-pad\" ><div class=\"tatsu-row-wrap  tatsu-row-has-one-half tatsu-row-has-two-cols tatsu-medium-gutter tatsu-reg-cols tatsu-inner-row-wrap  tatsu-clearfix tatsu-TdYstHyehk\" ><div  class=\"tatsu-row \" ><div  class=\"tatsu-column  tatsu-bg-overlay tatsu-one-half tatsu-column-image- tatsu-column-effect-  tatsu-TFsQifSCF\"  data-parallax-speed=\"0\" style=\"\"><div class=\"tatsu-column-inner \" ><div class=\"tatsu-column-pad-wrap\"><div class=\"tatsu-column-pad\" ><div  class=\"tatsu-module tatsu-normal-button tatsu-button-wrap align-block block-center  tatsu-vvLALU5if   \"><a class=\"tatsu-shortcode blockbtn tatsu-button left-icon    bg-animation-none  \" href=\"\/#apie-produkta\" style= \"\"  aria-label=\"O produkcie\" data-gdpr-atts={} >O produkcie<\/a><style>.tatsu-vvLALU5if .tatsu-button{background-color: rgba(255,201,14,1);color: #ffffff ;}.tatsu-vvLALU5if .tatsu-button:hover{background-color: #222222;color: rgba(255,201,14,1) ;}<\/style><\/div><\/div><\/div><div class = \"tatsu-column-bg-image-wrap\"><div class = \"tatsu-column-bg-image\" ><\/div><\/div><div class=\"tatsu-overlay tatsu-column-overlay tatsu-animate-none\" ><\/div><\/div><style>.tatsu-row > .tatsu-TFsQifSCF.tatsu-column{width: 50%;}.tatsu-TFsQifSCF.tatsu-column > .tatsu-column-inner > .tatsu-column-overlay{mix-blend-mode: normal;}.tatsu-TFsQifSCF > .tatsu-column-inner > .tatsu-top-divider{z-index: 9999;}.tatsu-TFsQifSCF > .tatsu-column-inner > .tatsu-bottom-divider{z-index: 9999;}.tatsu-TFsQifSCF > .tatsu-column-inner > .tatsu-left-divider{z-index: 9999;}.tatsu-TFsQifSCF > .tatsu-column-inner > .tatsu-right-divider{z-index: 9999;}@media only screen and (max-width:1377px) {.tatsu-row > .tatsu-TFsQifSCF.tatsu-column{width: 50%;}}@media only screen and (min-width:768px) and (max-width: 1024px) {.tatsu-row > .tatsu-TFsQifSCF.tatsu-column{width: 50%;}}@media only screen and (max-width: 767px) {.tatsu-row > .tatsu-TFsQifSCF.tatsu-column{width: 100%;}}<\/style><\/div><div  class=\"tatsu-column  tatsu-bg-overlay tatsu-one-half tatsu-column-image- tatsu-column-effect-  tatsu-OmDnZcERRG\"  data-parallax-speed=\"0\" style=\"\"><div class=\"tatsu-column-inner \" ><div class=\"tatsu-column-pad-wrap\"><div class=\"tatsu-column-pad\" ><div  class=\"tatsu-module tatsu-normal-button tatsu-button-wrap align-block block-center  tatsu-rcbM7IEa2   \"><a class=\"tatsu-shortcode blockbtn tatsu-button left-icon    bg-animation-none  \" href=\"\/#pateikti-uzklausa\" style= \"\"  aria-label=\"SKONTAKTUJ SI\u0118 Z NAMI\" data-gdpr-atts={} >SKONTAKTUJ SI\u0118 Z NAMI<\/a><style>.tatsu-rcbM7IEa2 .tatsu-button{background-color: rgba(255,201,14,1);color: #ffffff ;}.tatsu-rcbM7IEa2 .tatsu-button:hover{background-color: #222222;color: rgba(255,201,14,1) ;}<\/style><\/div><\/div><\/div><div class = \"tatsu-column-bg-image-wrap\"><div class = \"tatsu-column-bg-image\" ><\/div><\/div><div class=\"tatsu-overlay tatsu-column-overlay tatsu-animate-none\" ><\/div><\/div><style>.tatsu-row > .tatsu-OmDnZcERRG.tatsu-column{width: 50%;}.tatsu-OmDnZcERRG.tatsu-column > .tatsu-column-inner > .tatsu-column-overlay{mix-blend-mode: normal;}.tatsu-OmDnZcERRG > .tatsu-column-inner > .tatsu-top-divider{z-index: 9999;}.tatsu-OmDnZcERRG > .tatsu-column-inner > .tatsu-bottom-divider{z-index: 9999;}.tatsu-OmDnZcERRG > .tatsu-column-inner > .tatsu-left-divider{z-index: 9999;}.tatsu-OmDnZcERRG > .tatsu-column-inner > .tatsu-right-divider{z-index: 9999;}@media only screen and (max-width:1377px) {.tatsu-row > .tatsu-OmDnZcERRG.tatsu-column{width: 50%;}}@media only screen and (min-width:768px) and (max-width: 1024px) {.tatsu-row > .tatsu-OmDnZcERRG.tatsu-column{width: 50%;}}@media only screen and (max-width: 767px) {.tatsu-row > .tatsu-OmDnZcERRG.tatsu-column{width: 100%;}}<\/style><\/div><\/div><\/div><\/div><\/div><div class = \"tatsu-column-bg-image-wrap\"><div class = \"tatsu-column-bg-image\" ><\/div><\/div><\/div><style>.tatsu-row > .tatsu-XINY5WqCth.tatsu-column{width: 100%;}.tatsu-XINY5WqCth.tatsu-column > .tatsu-column-inner > .tatsu-column-overlay{mix-blend-mode: none;}.tatsu-XINY5WqCth > .tatsu-column-inner > .tatsu-top-divider{z-index: 9999;}.tatsu-XINY5WqCth > .tatsu-column-inner > .tatsu-bottom-divider{z-index: 9999;}.tatsu-XINY5WqCth > .tatsu-column-inner > .tatsu-left-divider{z-index: 9999;}.tatsu-XINY5WqCth > .tatsu-column-inner > .tatsu-right-divider{z-index: 9999;}<\/style><\/div><\/div><\/div><\/div><div class=\"tatsu-section-background-wrap\"><div class = \"tatsu-section-background\" ><\/div><\/div><style>.tatsu-eRFUYusLg.tatsu-section{background-color: rgba(242,245,248,1);}.tatsu-eRFUYusLg .tatsu-section-pad{padding: 45px 0% 45px 0%;}.tatsu-eRFUYusLg > .tatsu-bottom-divider{z-index: 9999;}.tatsu-eRFUYusLg > .tatsu-top-divider{z-index: 9999;}<\/style><\/div><div id=\"apie-produkta\" class=\"tatsu-bInzQgf4v tatsu-section    tatsu-clearfix\" data-title=\"\"  data-headerscheme=\"background--dark\"><div class='tatsu-section-pad clearfix' data-padding='{\"d\":\"45px 0% 45px 0%\"}' data-padding-top='45px'><div class=\"tatsu-row-wrap  tatsu-wrap tatsu-row-one-col tatsu-row-has-one-cols tatsu-medium-gutter tatsu-reg-cols  tatsu-clearfix tatsu-KENBo04eC5\" ><div  class=\"tatsu-row \" ><div  class=\"tatsu-column  tatsu-column-no-bg tatsu-one-col tatsu-column-image-none tatsu-column-effect-none  tatsu-YmqNmJarXg\"  data-parallax-speed=\"0\" style=\"\"><div class=\"tatsu-column-inner \" ><div class=\"tatsu-column-pad-wrap\"><div class=\"tatsu-column-pad\" ><div  class=\"tatsu-module tatsu-text-block-wrap tatsu-NpkbhqQ7ZY  sb-h2\"><div class=\"tatsu-text-inner tatsu-align-center  clearfix\" ><style>.tatsu-NpkbhqQ7ZY.tatsu-text-block-wrap .tatsu-text-inner{width: 100%;text-align: left;}.tatsu-NpkbhqQ7ZY.tatsu-text-block-wrap{margin: 0px 0px 10px 0px;}.tatsu-NpkbhqQ7ZY.tatsu-text-block-wrap .tatsu-text-inner *{font-weight : 400;text-transform : uppercase;font-size : 20px;line-height : 20px;}<\/style>\n<h2><strong>O Naturalny modrzew<\/strong><\/h2>\n<\/div><\/div><div  class=\"tatsu-module tatsu-text-block-wrap tatsu-nQVtEErKFL  \"><div class=\"tatsu-text-inner tatsu-align-center  clearfix\" ><style>.tatsu-nQVtEErKFL.tatsu-text-block-wrap .tatsu-text-inner{width: 100%;text-align: left;}<\/style>\n<p>Drewno modrzewiowe ma wyj\u0105tkow\u0105 odporno\u015b\u0107 na szeroki zakres warunk\u00f3w pogodowych. Jest to niezawodne, mocne i g\u0119ste drewno. Panele modrzewiowe DARKSIDEWOOD NATURAL przygotowane metod\u0105 wypalania b\u0119d\u0105 mia\u0142y naturalnie jasny, przyjemnie ciep\u0142y kolor. Nie tylko wytrzymaj\u0105 one d\u0142ugi czas w Twoim domu, ale tak\u017ce ozdobi\u0105 elewacj\u0119, poniewa\u017c naturalne s\u0142oje drewna rozwijaj\u0105 si\u0119 z czasem.<\/p>\n<\/div><\/div><div class=\"tatsu-row-wrap  tatsu-row-has-one-half tatsu-row-has-two-cols tatsu-medium-gutter tatsu-reg-cols tatsu-inner-row-wrap  tatsu-clearfix tatsu-wOGHYdCtog\" ><div  class=\"tatsu-row \" ><div  class=\"tatsu-column  tatsu-bg-overlay tatsu-one-half tatsu-column-image- tatsu-column-effect-  tatsu-QMkl6Go_b1\"  data-parallax-speed=\"0\" style=\"\"><div class=\"tatsu-column-inner \" ><div class=\"tatsu-column-pad-wrap\"><div class=\"tatsu-column-pad\" ><div  class=\"tatsu-single-image tatsu-module align-center tatsu-image-lazyload tatsu-dlKpkPYaFi  \" ><div class=\"tatsu-single-image-inner \" style=\"width : 1920px;\" ><div class = \"tatsu-single-image-padding-wrap\" style = \"padding-bottom : 96.302083333333%;\" ><\/div><a class = \"mfp-image\" href = \"https:\/\/darksidewood.com\/wp-content\/uploads\/2021\/01\/maumedis_natural.jpeg\" ><img class = \"tatsu-gradient-border\" alt = \"Deginto maumed\u017eio fasadas, charred larch cladding\" title = \"maumedis_natural\" data-src = \"https:\/\/darksidewood.com\/wp-content\/uploads\/2021\/01\/maumedis_natural.jpeg\" src =\"data:image\/png;base64,iVBORw0KGgoAAAANSUhEUgAAAAEAAAABCAQAAAC1HAwCAAAAC0lEQVR42mNkYAAAAAYAAjCB0C8AAAAASUVORK5CYII=\"  \/><\/a><\/div><style>.tatsu-dlKpkPYaFi{margin: 0px 0 0 0;padding: 0px 0 0 0;}.tatsu-dlKpkPYaFi .tatsu-single-image-inner{border-style: solid;max-width: 100%;}.tatsu-dlKpkPYaFi.tatsu-single-image{transform: translate3d(0px,0px, 0);}<\/style><\/div><div  class=\"tatsu-empty-space  tatsu-Rc8c6mkacO  \" ><style>.tatsu-Rc8c6mkacO.tatsu-empty-space{height: 10px;}<\/style><\/div><\/div><\/div><div class = \"tatsu-column-bg-image-wrap\"><div class = \"tatsu-column-bg-image\" ><\/div><\/div><div class=\"tatsu-overlay tatsu-column-overlay tatsu-animate-none\" ><\/div><\/div><style>.tatsu-row > .tatsu-QMkl6Go_b1.tatsu-column{width: 50%;}.tatsu-QMkl6Go_b1.tatsu-column > .tatsu-column-inner > .tatsu-column-overlay{mix-blend-mode: normal;}.tatsu-QMkl6Go_b1 > .tatsu-column-inner > .tatsu-top-divider{z-index: 9999;}.tatsu-QMkl6Go_b1 > .tatsu-column-inner > .tatsu-bottom-divider{z-index: 9999;}.tatsu-QMkl6Go_b1 > .tatsu-column-inner > .tatsu-left-divider{z-index: 9999;}.tatsu-QMkl6Go_b1 > .tatsu-column-inner > .tatsu-right-divider{z-index: 9999;}@media only screen and (max-width:1377px) {.tatsu-row > .tatsu-QMkl6Go_b1.tatsu-column{width: 50%;}}@media only screen and (min-width:768px) and (max-width: 1024px) {.tatsu-row > .tatsu-QMkl6Go_b1.tatsu-column{width: 50%;}}@media only screen and (max-width: 767px) {.tatsu-row > .tatsu-QMkl6Go_b1.tatsu-column{width: 100%;}}<\/style><\/div><div  class=\"tatsu-column  tatsu-bg-overlay tatsu-one-half tatsu-column-image- tatsu-column-effect-  tatsu-kc610dgiOIX\"  data-parallax-speed=\"0\" style=\"\"><div class=\"tatsu-column-inner \" ><div class=\"tatsu-column-pad-wrap\"><div class=\"tatsu-column-pad\" ><div  class=\"tatsu-single-image tatsu-module align-center tatsu-image-lazyload tatsu-PgylhHr1rSs  \" ><div class=\"tatsu-single-image-inner \" style=\"width : 1920px;\" ><div class = \"tatsu-single-image-padding-wrap\" style = \"padding-bottom : 96.302083333333%;\" ><\/div><a class = \"mfp-image\" href = \"https:\/\/darksidewood.com\/wp-content\/uploads\/2021\/01\/maumedis_natural-1.jpg\" ><img class = \"tatsu-gradient-border\" alt = \"Deginta mediena, charred wood\" title = \"maumedis_natural\" data-src = \"https:\/\/darksidewood.com\/wp-content\/uploads\/2021\/01\/maumedis_natural-1.jpg\" src =\"data:image\/png;base64,iVBORw0KGgoAAAANSUhEUgAAAAEAAAABCAQAAAC1HAwCAAAAC0lEQVR42mNkYAAAAAYAAjCB0C8AAAAASUVORK5CYII=\"  \/><\/a><\/div><style>.tatsu-PgylhHr1rSs{margin: 0px 0 0 0;padding: 0px 0 0 0;}.tatsu-PgylhHr1rSs .tatsu-single-image-inner{border-style: solid;max-width: 100%;}.tatsu-PgylhHr1rSs.tatsu-single-image{transform: translate3d(0px,0px, 0);}<\/style><\/div><div  class=\"tatsu-empty-space  tatsu-6e1JlAXQyd6  \" ><style>.tatsu-6e1JlAXQyd6.tatsu-empty-space{height: 10px;}<\/style><\/div><div  class=\"tatsu-empty-space  tatsu-j32gZLoKk9N  \" ><style>.tatsu-j32gZLoKk9N.tatsu-empty-space{height: 10px;}<\/style><\/div><\/div><\/div><div class = \"tatsu-column-bg-image-wrap\"><div class = \"tatsu-column-bg-image\" ><\/div><\/div><div class=\"tatsu-overlay tatsu-column-overlay tatsu-animate-none\" ><\/div><\/div><style>.tatsu-row > .tatsu-kc610dgiOIX.tatsu-column{width: 50%;}.tatsu-kc610dgiOIX.tatsu-column > .tatsu-column-inner > .tatsu-column-overlay{mix-blend-mode: normal;}.tatsu-kc610dgiOIX > .tatsu-column-inner > .tatsu-top-divider{z-index: 9999;}.tatsu-kc610dgiOIX > .tatsu-column-inner > .tatsu-bottom-divider{z-index: 9999;}.tatsu-kc610dgiOIX > .tatsu-column-inner > .tatsu-left-divider{z-index: 9999;}.tatsu-kc610dgiOIX > .tatsu-column-inner > .tatsu-right-divider{z-index: 9999;}@media only screen and (max-width:1377px) {.tatsu-row > .tatsu-kc610dgiOIX.tatsu-column{width: 50%;}}@media only screen and (min-width:768px) and (max-width: 1024px) {.tatsu-row > .tatsu-kc610dgiOIX.tatsu-column{width: 50%;}}@media only screen and (max-width: 767px) {.tatsu-row > .tatsu-kc610dgiOIX.tatsu-column{width: 100%;}}<\/style><\/div><\/div><\/div><\/div><\/div><div class = \"tatsu-column-bg-image-wrap\"><div class = \"tatsu-column-bg-image\" ><\/div><\/div><\/div><style>.tatsu-row > .tatsu-YmqNmJarXg.tatsu-column{width: 100%;}.tatsu-YmqNmJarXg.tatsu-column > .tatsu-column-inner > .tatsu-column-overlay{mix-blend-mode: none;}.tatsu-YmqNmJarXg > .tatsu-column-inner > .tatsu-top-divider{z-index: 9999;}.tatsu-YmqNmJarXg > .tatsu-column-inner > .tatsu-bottom-divider{z-index: 9999;}.tatsu-YmqNmJarXg > .tatsu-column-inner > .tatsu-left-divider{z-index: 9999;}.tatsu-YmqNmJarXg > .tatsu-column-inner > .tatsu-right-divider{z-index: 9999;}<\/style><\/div><\/div><\/div><\/div><div class=\"tatsu-section-background-wrap\"><div class = \"tatsu-section-background\" ><\/div><\/div><style>.tatsu-bInzQgf4v .tatsu-section-pad{padding: 45px 0% 45px 0%;}.tatsu-bInzQgf4v > .tatsu-bottom-divider{z-index: 9999;}.tatsu-bInzQgf4v > .tatsu-top-divider{z-index: 9999;}<\/style><\/div><div id=\"pateikti-uzklausa\" class=\"tatsu-gm7gABkKy tatsu-section    tatsu-clearfix\" data-title=\"\"  data-headerscheme=\"background--dark\"><div class='tatsu-section-pad clearfix' data-padding='{\"d\":\"0px 0% 90px 0%\"}' data-padding-top='0px'><div class=\"tatsu-row-wrap  tatsu-wrap tatsu-row-one-col tatsu-row-has-one-cols tatsu-medium-gutter tatsu-reg-cols  tatsu-clearfix tatsu-5n1yNxuYLR\" ><div  class=\"tatsu-row \" ><div  class=\"tatsu-column  tatsu-column-no-bg tatsu-one-col tatsu-column-image-none tatsu-column-effect-none  tatsu-EquhV790pZ\"  data-parallax-speed=\"0\" style=\"\"><div class=\"tatsu-column-inner \" ><div class=\"tatsu-column-pad-wrap\"><div class=\"tatsu-column-pad\" ><div  class=\"tatsu-module tatsu-text-block-wrap tatsu-jWbmJ7TYN3  sb-h2\"><div class=\"tatsu-text-inner tatsu-align-center  clearfix\" ><style>.tatsu-jWbmJ7TYN3.tatsu-text-block-wrap .tatsu-text-inner{width: 100%;text-align: left;}.tatsu-jWbmJ7TYN3.tatsu-text-block-wrap{margin: 0px 0px 10px 0px;}.tatsu-jWbmJ7TYN3.tatsu-text-block-wrap .tatsu-text-inner *{font-weight : 400;text-transform : uppercase;font-size : 20px;line-height : 20px;}<\/style>\n<h2><strong>Wy\u015blij zapytanie<\/strong><\/h2>\n<\/div><\/div><div  class=\"tatsu-module tatsu-text-block-wrap tatsu-t6fKHchh-w  \"><div class=\"tatsu-text-inner tatsu-align-center  clearfix\" ><style>.tatsu-t6fKHchh-w.tatsu-text-block-wrap .tatsu-text-inner{width: 100%;text-align: left;}<\/style>\n<p>Aby dowiedzie\u0107 si\u0119 wi\u0119cej, om\u00f3wi\u0107 wszelkie dodatkowe pytania lub uzyska\u0107 wst\u0119pn\u0105 cen\u0119 niestandardowego rozwi\u0105zania, skontaktuj si\u0119 z nami bezpo\u015brednio, korzystaj\u0105c z poni\u017cszego formularza zapytania. Z przyjemno\u015bci\u0105 doradzimy, obliczymy i ocenimy przydatno\u015b\u0107 i wykonalno\u015b\u0107 drewna dla Twoich potrzeb.<\/p>\n<\/div><\/div><div class=\"tatsu-row-wrap  tatsu-row-one-col tatsu-row-has-one-cols tatsu-medium-gutter tatsu-reg-cols tatsu-inner-row-wrap  tatsu-clearfix tatsu-1BNqk_P04y\" ><div  class=\"tatsu-row \" ><div  class=\"tatsu-column  tatsu-bg-overlay tatsu-one-col tatsu-column-image- tatsu-column-effect-  tatsu-RpNV6waQ8g\"  data-parallax-speed=\"0\" style=\"\"><div class=\"tatsu-column-inner \" ><div class=\"tatsu-column-pad-wrap\"><div class=\"tatsu-column-pad\" ><div  class=\"tatsu-module tatsu-text-block-wrap tatsu-NRMOua6tzW  \"><div class=\"tatsu-text-inner tatsu-align-center  clearfix\" ><style>.tatsu-NRMOua6tzW.tatsu-text-block-wrap .tatsu-text-inner{width: 100%;text-align: left;}<\/style><div class=\"frm_forms  with_frm_style frm_style_formidable-style\" id=\"frm_form_8_container\" data-token=\"0f76eabcb6645169692ba625ff271646\">\n<form enctype=\"multipart\/form-data\" method=\"post\" class=\"frm-show-form  frm_js_validate  frm_ajax_submit  frm_pro_form \" id=\"form_darksidewoodproduktouklausapl\"  data-token=\"0f76eabcb6645169692ba625ff271646\">\n<div class=\"frm_form_fields \">\n<fieldset>\n<legend class=\"frm_screen_reader\">Zapytanie o produkt Darksidewood<\/legend>\r\n\r\n<div class=\"frm_fields_container\">\n<input type=\"hidden\" name=\"frm_action\" value=\"create\" \/>\n<input type=\"hidden\" name=\"form_id\" value=\"8\" \/>\n<input type=\"hidden\" name=\"frm_hide_fields_8\" id=\"frm_hide_fields_8\" value=\"\" \/>\n<input type=\"hidden\" name=\"form_key\" value=\"darksidewoodproduktouklausapl\" \/>\n<input type=\"hidden\" name=\"item_meta[0]\" value=\"\" \/>\n<input type=\"hidden\" id=\"frm_submit_entry_8\" name=\"frm_submit_entry_8\" value=\"35e89866c2\" \/><input type=\"hidden\" name=\"_wp_http_referer\" value=\"\/pl\/wp-json\/wp\/v2\/pages\/4758\" \/><div id=\"frm_field_175_container\" class=\"frm_form_field form-field  frm_required_field frm_top_container\">\r\n    <label for=\"field_41lei3\" id=\"field_41lei3_label\" class=\"frm_primary_label\">Nazwa\r\n        <span class=\"frm_required\" aria-hidden=\"true\">*<\/span>\r\n    <\/label>\r\n    <input type=\"text\" id=\"field_41lei3\" name=\"item_meta[175]\" value=\"\"  data-reqmsg=\"\u0160is laukas negali b\u016bti tu\u0161\u010dias.\" aria-required=\"true\" data-invmsg=\"Text is invalid\" aria-invalid=\"false\"  \/>\r\n    \r\n    \r\n<\/div>\n<div id=\"frm_field_176_container\" class=\"frm_form_field form-field  frm_required_field frm_top_container frm12 frm_first\">\r\n    <label for=\"field_blz3p3\" id=\"field_blz3p3_label\" class=\"frm_primary_label\">E-mail\r\n        <span class=\"frm_required\" aria-hidden=\"true\">*<\/span>\r\n    <\/label>\r\n    <input type=\"email\" id=\"field_blz3p3\" name=\"item_meta[176]\" value=\"\"  data-reqmsg=\"\u0160is laukas negali b\u016bti tu\u0161\u010dias.\" aria-required=\"true\" data-invmsg=\"E-mail jest nie prawid\u0142owy\" aria-invalid=\"false\"  \/>\r\n    \r\n    \r\n<\/div>\n<div id=\"frm_field_177_container\" class=\"frm_form_field form-field  frm_required_field frm_top_container frm12 frm_first\">\r\n    <label for=\"field_pr09p3\" id=\"field_pr09p3_label\" class=\"frm_primary_label\">Numer telefonu\r\n        <span class=\"frm_required\" aria-hidden=\"true\">*<\/span>\r\n    <\/label>\r\n    <input type=\"tel\" id=\"field_pr09p3\" name=\"item_meta[177]\" value=\"\"  data-reqmsg=\"To pole nie mo\u017ce by\u0107 puste.\" aria-required=\"true\" data-invmsg=\"Telefon jest nieprawid\u0142owy\" aria-invalid=\"false\" pattern=\"((\\+\\d{1,3}(-|.| )?\\(?\\d\\)?(-| |.)?\\d{1,5})|(\\(?\\d{2,6}\\)?))(-|.| )?(\\d{3,4})(-|.| )?(\\d{4})(( x| ext)\\d{1,5}){0,1}$\"  \/>\r\n    \r\n    \r\n<\/div>\n<div id=\"frm_field_178_container\" class=\"frm_form_field form-field  frm_required_field frm_top_container\">\r\n    <label for=\"field_hrv43\" id=\"field_hrv43_label\" class=\"frm_primary_label\">Wiadomo\u015b\u0107\r\n        <span class=\"frm_required\" aria-hidden=\"true\">*<\/span>\r\n    <\/label>\r\n    <textarea name=\"item_meta[178]\" id=\"field_hrv43\" rows=\"5\"  data-reqmsg=\"\u0160is laukas negali b\u016bti tu\u0161\u010dias.\" aria-required=\"true\" data-invmsg=\"Paragraph is invalid\" aria-invalid=\"false\"  ><\/textarea>\r\n    \r\n    \r\n<\/div>\n<div id=\"frm_field_179_container\" class=\"frm_form_field form-field  frm_none_container\">\r\n    <label for=\"g-recaptcha-response\" id=\"field_wihx3_label\" class=\"frm_primary_label\">Captcha\r\n        <span class=\"frm_required\" aria-hidden=\"true\"><\/span>\r\n    <\/label>\r\n    <div  id=\"field_wihx3\" class=\"frm-g-recaptcha\" data-sitekey=\"6LdF1CYaAAAAADijbfYyy4sU36o6eNWWbGG2tpr7\" data-size=\"invisible\" data-theme=\"light\"><\/div>\r\n    \r\n    \r\n<\/div>\n<div id=\"frm_field_185_container\" class=\"frm_form_field form-field \">\n\t<div class=\"frm_submit\">\r\n\r\n<button class=\"frm_button_submit frm_final_submit\" type=\"submit\"   formnovalidate=\"formnovalidate\">SKONTAKTUJ SI\u0118 Z NAMI<\/button>\r\n\r\n\r\n<\/div>\n<\/div>\n\t<input type=\"hidden\" name=\"item_key\" value=\"\" \/>\n\t\t\t\t<div class=\"frm__65bccbb67136e\">\n\t\t\t\t<label for=\"frm_email_8\" >\n\t\t\t\t\tIf you are human, leave this field blank.\t\t\t\t<\/label>\n\t\t\t\t<input  id=\"frm_email_8\" type=\"text\" class=\"frm_verify\" name=\"frm__65bccbb67136e\" value=\"\" autocomplete=\"false\"  \/>\n\t\t\t<\/div>\n\t\t<input name=\"frm_state\" type=\"hidden\" value=\"5M2pyK8Z7E4cUUXWnX8msJx8RV5oohQbPrA3tILLooM=\" \/><\/div>\n<\/fieldset>\n<\/div>\n<\/form>\n<\/div>\n<\/div><\/div><\/div><\/div><div class = \"tatsu-column-bg-image-wrap\"><div class = \"tatsu-column-bg-image\" ><\/div><\/div><div class=\"tatsu-overlay tatsu-column-overlay tatsu-animate-none\" ><\/div><\/div><style>.tatsu-row > .tatsu-RpNV6waQ8g.tatsu-column{width: 100%;}.tatsu-RpNV6waQ8g.tatsu-column > .tatsu-column-inner > .tatsu-column-overlay{mix-blend-mode: normal;}.tatsu-RpNV6waQ8g > .tatsu-column-inner > .tatsu-top-divider{z-index: 9999;}.tatsu-RpNV6waQ8g > .tatsu-column-inner > .tatsu-bottom-divider{z-index: 9999;}.tatsu-RpNV6waQ8g > .tatsu-column-inner > .tatsu-left-divider{z-index: 9999;}.tatsu-RpNV6waQ8g > .tatsu-column-inner > .tatsu-right-divider{z-index: 9999;}@media only screen and (max-width:1377px) {.tatsu-row > .tatsu-RpNV6waQ8g.tatsu-column{width: 100%;}}@media only screen and (min-width:768px) and (max-width: 1024px) {.tatsu-row > .tatsu-RpNV6waQ8g.tatsu-column{width: 100%;}}@media only screen and (max-width: 767px) {.tatsu-row > .tatsu-RpNV6waQ8g.tatsu-column{width: 100%;}}<\/style><\/div><\/div><\/div><\/div><\/div><div class = \"tatsu-column-bg-image-wrap\"><div class = \"tatsu-column-bg-image\" ><\/div><\/div><\/div><style>.tatsu-row > .tatsu-EquhV790pZ.tatsu-column{width: 100%;}.tatsu-EquhV790pZ.tatsu-column > .tatsu-column-inner > .tatsu-column-overlay{mix-blend-mode: none;}.tatsu-EquhV790pZ > .tatsu-column-inner > .tatsu-top-divider{z-index: 9999;}.tatsu-EquhV790pZ > .tatsu-column-inner > .tatsu-bottom-divider{z-index: 9999;}.tatsu-EquhV790pZ > .tatsu-column-inner > .tatsu-left-divider{z-index: 9999;}.tatsu-EquhV790pZ > .tatsu-column-inner > .tatsu-right-divider{z-index: 9999;}<\/style><\/div><\/div><\/div><\/div><div class=\"tatsu-section-background-wrap\"><div class = \"tatsu-section-background\" ><\/div><\/div><style>.tatsu-gm7gABkKy.tatsu-section{background-color: rgba(255,255,255,1);}.tatsu-gm7gABkKy .tatsu-section-pad{padding: 0px 0% 90px 0%;}.tatsu-gm7gABkKy > .tatsu-bottom-divider{z-index: 9999;}.tatsu-gm7gABkKy > .tatsu-top-divider{z-index: 9999;}<\/style><\/div>\n","protected":false},"excerpt":{"rendered":"<p><a href=\"https:\/\/darksidewood.com\/pl\/spalone-drewno\/darksidewood-natural-maumedis\/\" class=\"more-link style2-button\">Read More<\/a><\/p>","protected":false},"author":1,"featured_media":0,"parent":4733,"menu_order":0,"comment_status":"open","ping_status":"closed","template":"","meta":{"inline_featured_image":false,"ngg_post_thumbnail":0,"footnotes":""},"class_list":["post-4758","page","type-page","status-publish","hentry"],"_links":{"self":[{"href":"https:\/\/darksidewood.com\/pl\/wp-json\/wp\/v2\/pages\/4758","targetHints":{"allow":["GET"]}}],"collection":[{"href":"https:\/\/darksidewood.com\/pl\/wp-json\/wp\/v2\/pages"}],"about":[{"href":"https:\/\/darksidewood.com\/pl\/wp-json\/wp\/v2\/types\/page"}],"author":[{"embeddable":true,"href":"https:\/\/darksidewood.com\/pl\/wp-json\/wp\/v2\/users\/1"}],"replies":[{"embeddable":true,"href":"https:\/\/darksidewood.com\/pl\/wp-json\/wp\/v2\/comments?post=4758"}],"version-history":[{"count":6,"href":"https:\/\/darksidewood.com\/pl\/wp-json\/wp\/v2\/pages\/4758\/revisions"}],"predecessor-version":[{"id":5266,"href":"https:\/\/darksidewood.com\/pl\/wp-json\/wp\/v2\/pages\/4758\/revisions\/5266"}],"up":[{"embeddable":true,"href":"https:\/\/darksidewood.com\/pl\/wp-json\/wp\/v2\/pages\/4733"}],"wp:attachment":[{"href":"https:\/\/darksidewood.com\/pl\/wp-json\/wp\/v2\/media?parent=4758"}],"curies":[{"name":"wp","href":"https:\/\/api.w.org\/{rel}","templated":true}]}}