{"id":4736,"date":"2023-08-28T15:31:02","date_gmt":"2023-08-28T15:31:02","guid":{"rendered":"https:\/\/darksidewood.com\/kontakt\/"},"modified":"2025-07-09T10:23:31","modified_gmt":"2025-07-09T10:23:31","slug":"kontakt","status":"publish","type":"page","link":"https:\/\/darksidewood.com\/pl\/kontakt\/","title":{"rendered":"Kontakt"},"content":{"rendered":"<div  class=\"tatsu-HyZ8_3fRhz tatsu-section  tatsu-bg-overlay   tatsu-clearfix\" data-title=\"\"  data-headerscheme=\"background--dark\"><div class='tatsu-section-pad clearfix' data-padding='{\"d\":\"250px 0px 270px 0px \"}' data-padding-top='250px'><div class=\"tatsu-row-wrap  tatsu-wrap tatsu-row-one-col tatsu-row-has-one-cols tatsu-medium-gutter tatsu-reg-cols  tatsu-clearfix tatsu-BJeL_hf0hz\" ><div  class=\"tatsu-row \" ><div  class=\"tatsu-column  tatsu-column-no-bg tatsu-one-col tatsu-column-image-none tatsu-column-effect-none  tatsu-HyU_2MA2G\"  data-parallax-speed=\"0\" style=\"\"><div class=\"tatsu-column-inner \" ><div class=\"tatsu-column-pad-wrap\"><div class=\"tatsu-column-pad\" ><div  class=\"tatsu-module tatsu-text-block-wrap tatsu-J0zmXEYmU  sb-h1\"><div class=\"tatsu-text-inner tatsu-align-center  clearfix\" ><style>.tatsu-J0zmXEYmU.tatsu-text-block-wrap .tatsu-text-inner{width: 100%;text-align: left;color: rgba(255,255,255,1) ;}.tatsu-J0zmXEYmU .tatsu-text-inner *{color: rgba(255,255,255,1) ;}.tatsu-J0zmXEYmU.tatsu-text-block-wrap .tatsu-text-inner *{text-transform : uppercase;}<\/style>\n<h1 style=\"text-align: center;\"><strong>KONTAKT<\/strong><\/h1>\n<\/div><\/div><\/div><\/div><div class = \"tatsu-column-bg-image-wrap\"><div class = \"tatsu-column-bg-image\" ><\/div><\/div><\/div><style>.tatsu-row > .tatsu-HyU_2MA2G.tatsu-column{width: 100%;}.tatsu-HyU_2MA2G.tatsu-column > .tatsu-column-inner > .tatsu-column-overlay{mix-blend-mode: none;}.tatsu-HyU_2MA2G > .tatsu-column-inner > .tatsu-top-divider{z-index: 9999;}.tatsu-HyU_2MA2G > .tatsu-column-inner > .tatsu-bottom-divider{z-index: 9999;}.tatsu-HyU_2MA2G > .tatsu-column-inner > .tatsu-left-divider{z-index: 9999;}.tatsu-HyU_2MA2G > .tatsu-column-inner > .tatsu-right-divider{z-index: 9999;}<\/style><\/div><\/div><\/div><\/div><div class=\"tatsu-section-background-wrap\"><div class = \"tatsu-section-background\" ><\/div><\/div><div class=\"tatsu-overlay tatsu-section-overlay\"><\/div><style>.tatsu-HyZ8_3fRhz .tatsu-section-background{background-image: url(https:\/\/darksidewood.com\/wp-content\/uploads\/2020\/12\/maumedis_carbon.jpg);background-repeat: no-repeat;background-attachment: scroll;background-position: center center;background-size: cover;}.tatsu-HyZ8_3fRhz .tatsu-bg-blur{background-repeat: no-repeat;background-attachment: scroll;background-position: center center;background-size: cover;}.tatsu-HyZ8_3fRhz .tatsu-section-pad{padding: 250px 0px 270px 0px ;}.tatsu-HyZ8_3fRhz > .tatsu-bottom-divider{z-index: 9999;}.tatsu-HyZ8_3fRhz > .tatsu-top-divider{z-index: 9999;}.tatsu-HyZ8_3fRhz .tatsu-section-overlay{background: rgba(0,0,0,0.01);mix-blend-mode: normal;}<\/style><\/div><div  class=\"tatsu-fqp90r4qx5foioj8 tatsu-section    tatsu-clearfix\" data-title=\"\"  data-headerscheme=\"background--light\"><div class='tatsu-section-pad clearfix' data-padding='{\"d\":\"40px 0% 40px 0%\"}' data-padding-top='40px'><div class=\"tatsu-row-wrap  tatsu-wrap tatsu-row-one-col tatsu-row-has-one-cols tatsu-medium-gutter tatsu-reg-cols  tatsu-clearfix tatsu-fqp90r4qxq31ablb\" ><div  class=\"tatsu-row \" ><div  class=\"tatsu-column  tatsu-column-no-bg tatsu-one-col tatsu-column-image-none tatsu-column-effect-none  tatsu-fqp90r4qxwcwhili\"  data-parallax-speed=\"0\" style=\"\"><div class=\"tatsu-column-inner \" ><div class=\"tatsu-column-pad-wrap\"><div class=\"tatsu-column-pad\" ><div  class=\"special-heading-wrap style1 oshine-module  tatsu-fqp90r4qy172ooiy  \" ><div class=\"special-heading align-center\"><h4 class=\"special-h-tag\" > Masz pytania , napisz do nas lub zadzwo\u0144<\/h4><hr class=\"separator margin-bottom\" \/><div class=\"sub-title margin-bottom \">\n<p>Doradzamy na wszystkich etapach projektu, wi\u0119c zapraszamy do kontaktu mailowego lub telefonicznego, je\u015bli chcesz si\u0119 skonsultowa\u0107, uzyska\u0107 szczeg\u00f3\u0142ow\u0105 porad\u0119 lub om\u00f3wi\u0107 kwestie techniczne.<\/p>\n<\/div><\/div><style>.tatsu-fqp90r4qy172ooiy .sep-icon.oshine_diamond{background: rgba(255,201,14,1);}.tatsu-fqp90r4qy172ooiy .separator{height: 2px;width: 40px;background: #e8e8e8;}<\/style><\/div><\/div><\/div><div class = \"tatsu-column-bg-image-wrap\"><div class = \"tatsu-column-bg-image\" ><\/div><\/div><\/div><style>.tatsu-row > .tatsu-fqp90r4qxwcwhili.tatsu-column{width: 100%;}.tatsu-fqp90r4qxwcwhili.tatsu-column > .tatsu-column-inner > .tatsu-column-overlay{mix-blend-mode: none;}.tatsu-fqp90r4qxwcwhili > .tatsu-column-inner > .tatsu-top-divider{z-index: 9999;}.tatsu-fqp90r4qxwcwhili > .tatsu-column-inner > .tatsu-bottom-divider{z-index: 9999;}.tatsu-fqp90r4qxwcwhili > .tatsu-column-inner > .tatsu-left-divider{z-index: 9999;}.tatsu-fqp90r4qxwcwhili > .tatsu-column-inner > .tatsu-right-divider{z-index: 9999;}<\/style><\/div><\/div><\/div><div class=\"tatsu-row-wrap  tatsu-wrap tatsu-row-one-col tatsu-row-has-one-cols tatsu-medium-gutter tatsu-reg-cols  tatsu-clearfix tatsu-fqp90r4r0zrm9qd\" ><div  class=\"tatsu-row \" ><div  class=\"tatsu-column  tatsu-column-no-bg tatsu-one-col tatsu-column-image-none tatsu-column-effect-none  tatsu-fqp90r4r168sanls\"  data-parallax-speed=\"0\" style=\"\"><div class=\"tatsu-column-inner \" ><div class=\"tatsu-column-pad-wrap\"><div class=\"tatsu-column-pad\" ><div class=\"oshine-module oshine-am-fh display-block  tatsu-fqp90r4r1te0quk8\"><style>.tatsu-fqp90r4r1te0quk8 .animate-icon-module-style1-wrap{height: 200px;}.tatsu-fqp90r4r1te0quk8 .animate-icon-module-style1{margin-bottom: 10px;}<\/style><div class=\"animate-icon-module-style1-wrap-container\"><div class=\"animate-icon-module-style1-wrap clearfix\" data-gutter-width=\"10\"><a  href=\"#\" class=\"animate-icon-module-style1 be-bg-cover animate-icon-module  top-animate tatsu-fqp90r4r2i585lmu   \" ><style>.tatsu-fqp90r4r2i585lmu .font-icon{font-size: 50px;color: rgba(255,201,14,1) ;}.tatsu-fqp90r4r2i585lmu .title_content{color: rgba(255,201,14,1) ;}.tatsu-fqp90r4r2i585lmu{background-color: #f2f4f8;}<\/style><div class=\"animate-icon-module-normal-content\"><div class=\"display-table\"><div class=\"display-table-cell vertical-align-middle\"><i class=\"font-icon icon-icon_pin\" ><\/i><\/div><\/div><\/div><div class=\"animate-icon-module-hover-content\"><div class=\"display-table\"><div class=\"display-table-cell vertical-align-middle\">\n<div>ul. \u017bele\u0144skiego 27 , 15-198 Bia\u0142ystok<\/div>\n<\/div><\/div><\/div><\/a><a  href=\"#\" class=\"animate-icon-module-style1 be-bg-cover animate-icon-module  top-animate tatsu-fqp90r4r61bwqd8x   \" ><style>.tatsu-fqp90r4r61bwqd8x .font-icon{font-size: 50px;color: rgba(255,201,14,1) ;}.tatsu-fqp90r4r61bwqd8x .title_content{color: rgba(255,201,14,1) ;}.tatsu-fqp90r4r61bwqd8x{background-color: #f2f4f8;}<\/style><div class=\"animate-icon-module-normal-content\"><div class=\"display-table\"><div class=\"display-table-cell vertical-align-middle\"><i class=\"font-icon icon-email\" ><\/i><\/div><\/div><\/div><div class=\"animate-icon-module-hover-content\"><div class=\"display-table\"><div class=\"display-table-cell vertical-align-middle\">\n<p>infodarksidewood@gmail.com<\/p>\n<\/div><\/div><\/div><\/a><a  href=\"#\" class=\"animate-icon-module-style1 be-bg-cover animate-icon-module  top-animate tatsu-fqp90r4r921bhm74   \" ><style>.tatsu-fqp90r4r921bhm74 .font-icon{font-size: 50px;color: rgba(255,201,14,1) ;}.tatsu-fqp90r4r921bhm74 .title_content{color: rgba(255,201,14,1) ;}.tatsu-fqp90r4r921bhm74{background-color: #f2f4f8;}<\/style><div class=\"animate-icon-module-normal-content\"><div class=\"display-table\"><div class=\"display-table-cell vertical-align-middle\"><i class=\"font-icon icon-icon_phone\" ><\/i><\/div><\/div><\/div><div class=\"animate-icon-module-hover-content\"><div class=\"display-table\"><div class=\"display-table-cell vertical-align-middle\">\n<p>+48 604 975 128 Polish<br \/>+48 452 578 137 English<\/p>\n<\/div><\/div><\/div><\/a><\/div><\/div><\/div><\/div><\/div><div class = \"tatsu-column-bg-image-wrap\"><div class = \"tatsu-column-bg-image\" ><\/div><\/div><\/div><style>.tatsu-row > .tatsu-fqp90r4r168sanls.tatsu-column{width: 100%;}.tatsu-fqp90r4r168sanls.tatsu-column > .tatsu-column-inner > .tatsu-column-pad-wrap > .tatsu-column-pad{padding: 10px 10px 10px 10px;}.tatsu-fqp90r4r168sanls.tatsu-column > .tatsu-column-inner > .tatsu-column-overlay{mix-blend-mode: none;}.tatsu-fqp90r4r168sanls > .tatsu-column-inner > .tatsu-top-divider{z-index: 9999;}.tatsu-fqp90r4r168sanls > .tatsu-column-inner > .tatsu-bottom-divider{z-index: 9999;}.tatsu-fqp90r4r168sanls > .tatsu-column-inner > .tatsu-left-divider{z-index: 9999;}.tatsu-fqp90r4r168sanls > .tatsu-column-inner > .tatsu-right-divider{z-index: 9999;}<\/style><\/div><\/div><\/div><div class=\"tatsu-row-wrap  tatsu-wrap tatsu-row-one-col tatsu-row-has-one-cols tatsu-medium-gutter tatsu-reg-cols  tatsu-clearfix tatsu-fqp90r4rcvbn3zrt\" ><div  class=\"tatsu-row \" ><div  class=\"tatsu-column  tatsu-column-no-bg tatsu-one-col tatsu-column-image-none tatsu-column-effect-none  tatsu-fqp90r4rdg4vsdzg\"  data-parallax-speed=\"0\" style=\"\"><div class=\"tatsu-column-inner \" ><div class=\"tatsu-column-pad-wrap\"><div class=\"tatsu-column-pad\" ><div  class=\"tatsu-module tatsu-text-block-wrap tatsu-fqp90r4rdt7irdgb  \"><div class=\"tatsu-text-inner tatsu-align-center  clearfix\" ><style>.tatsu-fqp90r4rdt7irdgb.tatsu-text-block-wrap .tatsu-text-inner{text-align: left;}<\/style>\n<p><strong>Napisz do nas<\/strong><\/p>\n<\/div><\/div><div  class=\"tatsu-module tatsu-text-block-wrap tatsu-SJP-e7Ap3  \"><div class=\"tatsu-text-inner tatsu-align-center  clearfix\" ><style>.tatsu-SJP-e7Ap3.tatsu-text-block-wrap .tatsu-text-inner{width: 100%;text-align: left;}<\/style><div class=\"frm_forms  with_frm_style frm_style_formidable-style\" id=\"frm_form_8_container\" data-token=\"524e0c83354b57a5c105c4d766211de9\">\n<form enctype=\"multipart\/form-data\" method=\"post\" class=\"frm-show-form  frm_js_validate  frm_ajax_submit  frm_pro_form \" id=\"form_darksidewoodproduktouklausapl\"  data-token=\"524e0c83354b57a5c105c4d766211de9\">\n<div class=\"frm_form_fields \">\n<fieldset>\n<legend class=\"frm_screen_reader\">Zapytanie o produkt Darksidewood<\/legend>\r\n\r\n<div class=\"frm_fields_container\">\n<input type=\"hidden\" name=\"frm_action\" value=\"create\" \/>\n<input type=\"hidden\" name=\"form_id\" value=\"8\" \/>\n<input type=\"hidden\" name=\"frm_hide_fields_8\" id=\"frm_hide_fields_8\" value=\"\" \/>\n<input type=\"hidden\" name=\"form_key\" value=\"darksidewoodproduktouklausapl\" \/>\n<input type=\"hidden\" name=\"item_meta[0]\" value=\"\" \/>\n<input type=\"hidden\" id=\"frm_submit_entry_8\" name=\"frm_submit_entry_8\" value=\"13c3bc4c45\" \/><input type=\"hidden\" name=\"_wp_http_referer\" value=\"\/pl\/wp-json\/wp\/v2\/pages\/4736\" \/><div id=\"frm_field_175_container\" class=\"frm_form_field form-field  frm_required_field frm_top_container\">\r\n    <label for=\"field_41lei3\" id=\"field_41lei3_label\" class=\"frm_primary_label\">Nazwa\r\n        <span class=\"frm_required\" aria-hidden=\"true\">*<\/span>\r\n    <\/label>\r\n    <input type=\"text\" id=\"field_41lei3\" name=\"item_meta[175]\" value=\"\"  data-reqmsg=\"\u0160is laukas negali b\u016bti tu\u0161\u010dias.\" aria-required=\"true\" data-invmsg=\"Text is invalid\" aria-invalid=\"false\"  \/>\r\n    \r\n    \r\n<\/div>\n<div id=\"frm_field_176_container\" class=\"frm_form_field form-field  frm_required_field frm_top_container frm12 frm_first\">\r\n    <label for=\"field_blz3p3\" id=\"field_blz3p3_label\" class=\"frm_primary_label\">E-mail\r\n        <span class=\"frm_required\" aria-hidden=\"true\">*<\/span>\r\n    <\/label>\r\n    <input type=\"email\" id=\"field_blz3p3\" name=\"item_meta[176]\" value=\"\"  data-reqmsg=\"\u0160is laukas negali b\u016bti tu\u0161\u010dias.\" aria-required=\"true\" data-invmsg=\"E-mail jest nie prawid\u0142owy\" aria-invalid=\"false\"  \/>\r\n    \r\n    \r\n<\/div>\n<div id=\"frm_field_177_container\" class=\"frm_form_field form-field  frm_required_field frm_top_container frm12 frm_first\">\r\n    <label for=\"field_pr09p3\" id=\"field_pr09p3_label\" class=\"frm_primary_label\">Numer telefonu\r\n        <span class=\"frm_required\" aria-hidden=\"true\">*<\/span>\r\n    <\/label>\r\n    <input type=\"tel\" id=\"field_pr09p3\" name=\"item_meta[177]\" value=\"\"  data-reqmsg=\"To pole nie mo\u017ce by\u0107 puste.\" aria-required=\"true\" data-invmsg=\"Telefon jest nieprawid\u0142owy\" aria-invalid=\"false\" pattern=\"((\\+\\d{1,3}(-|.| )?\\(?\\d\\)?(-| |.)?\\d{1,5})|(\\(?\\d{2,6}\\)?))(-|.| )?(\\d{3,4})(-|.| )?(\\d{4})(( x| ext)\\d{1,5}){0,1}$\"  \/>\r\n    \r\n    \r\n<\/div>\n<div id=\"frm_field_178_container\" class=\"frm_form_field form-field  frm_required_field frm_top_container\">\r\n    <label for=\"field_hrv43\" id=\"field_hrv43_label\" class=\"frm_primary_label\">Wiadomo\u015b\u0107\r\n        <span class=\"frm_required\" aria-hidden=\"true\">*<\/span>\r\n    <\/label>\r\n    <textarea name=\"item_meta[178]\" id=\"field_hrv43\" rows=\"5\"  data-reqmsg=\"\u0160is laukas negali b\u016bti tu\u0161\u010dias.\" aria-required=\"true\" data-invmsg=\"Paragraph is invalid\" aria-invalid=\"false\"  ><\/textarea>\r\n    \r\n    \r\n<\/div>\n<div id=\"frm_field_179_container\" class=\"frm_form_field form-field  frm_none_container\">\r\n    <label for=\"g-recaptcha-response\" id=\"field_wihx3_label\" class=\"frm_primary_label\">Captcha\r\n        <span class=\"frm_required\" aria-hidden=\"true\"><\/span>\r\n    <\/label>\r\n    <div  id=\"field_wihx3\" class=\"frm-g-recaptcha\" data-sitekey=\"6LdF1CYaAAAAADijbfYyy4sU36o6eNWWbGG2tpr7\" data-size=\"invisible\" data-theme=\"light\"><\/div>\r\n    \r\n    \r\n<\/div>\n<div id=\"frm_field_185_container\" class=\"frm_form_field form-field \">\n\t<div class=\"frm_submit\">\r\n\r\n<button class=\"frm_button_submit frm_final_submit\" type=\"submit\"   formnovalidate=\"formnovalidate\">SKONTAKTUJ SI\u0118 Z NAMI<\/button>\r\n\r\n\r\n<\/div>\n<\/div>\n\t<input type=\"hidden\" name=\"item_key\" value=\"\" \/>\n\t\t\t\t<div class=\"frm__65bccbb67136e\">\n\t\t\t\t<label for=\"frm_email_8\" >\n\t\t\t\t\tIf you are human, leave this field blank.\t\t\t\t<\/label>\n\t\t\t\t<input  id=\"frm_email_8\" type=\"text\" class=\"frm_verify\" name=\"frm__65bccbb67136e\" value=\"\" autocomplete=\"false\"  \/>\n\t\t\t<\/div>\n\t\t<input name=\"frm_state\" type=\"hidden\" value=\"5M2pyK8Z7E4cUUXWnX8msGRO5M6D4mnmyA7dF3SD1RA=\" \/><\/div>\n<\/fieldset>\n<\/div>\n<\/form>\n<\/div>\n<br \/>\n<\/div><\/div><div  class=\"tatsu-empty-space  tatsu-fqp90r4rgc8wuev0  \" ><style>.tatsu-fqp90r4rgc8wuev0.tatsu-empty-space{height: 30px;}<\/style><\/div><\/div><\/div><div class = \"tatsu-column-bg-image-wrap\"><div class = \"tatsu-column-bg-image\" ><\/div><\/div><\/div><style>.tatsu-row > .tatsu-fqp90r4rdg4vsdzg.tatsu-column{width: 100%;}.tatsu-fqp90r4rdg4vsdzg.tatsu-column > .tatsu-column-inner > .tatsu-column-pad-wrap > .tatsu-column-pad{padding: 0% 0% 0% 0%;}.tatsu-fqp90r4rdg4vsdzg.tatsu-column > .tatsu-column-inner > .tatsu-column-overlay{mix-blend-mode: none;}.tatsu-fqp90r4rdg4vsdzg > .tatsu-column-inner > .tatsu-top-divider{z-index: 9999;}.tatsu-fqp90r4rdg4vsdzg > .tatsu-column-inner > .tatsu-bottom-divider{z-index: 9999;}.tatsu-fqp90r4rdg4vsdzg > .tatsu-column-inner > .tatsu-left-divider{z-index: 9999;}.tatsu-fqp90r4rdg4vsdzg > .tatsu-column-inner > .tatsu-right-divider{z-index: 9999;}@media only screen and (max-width:1377px) {.tatsu-row > .tatsu-fqp90r4rdg4vsdzg.tatsu-column{width: 100%;}}@media only screen and (min-width:768px) and (max-width: 1024px) {.tatsu-row > .tatsu-fqp90r4rdg4vsdzg.tatsu-column{width: 100%;}}@media only screen and (max-width: 767px) {.tatsu-row > .tatsu-fqp90r4rdg4vsdzg.tatsu-column{width: 100%;}}<\/style><\/div><\/div><\/div><\/div><div class=\"tatsu-section-background-wrap\"><div class = \"tatsu-section-background\" ><\/div><\/div><style>.tatsu-fqp90r4qx5foioj8{border-width: 0px 0px px 0px;border-style: solid;}.tatsu-fqp90r4qx5foioj8 .tatsu-section-pad{padding: 40px 0% 40px 0%;}.tatsu-fqp90r4qx5foioj8 > .tatsu-bottom-divider{z-index: 9999;}.tatsu-fqp90r4qx5foioj8 > .tatsu-top-divider{z-index: 9999;}<\/style><\/div>\n","protected":false},"excerpt":{"rendered":"<p><a href=\"https:\/\/darksidewood.com\/pl\/kontakt\/\" class=\"more-link style2-button\">Read More<\/a><\/p>","protected":false},"author":1,"featured_media":0,"parent":0,"menu_order":0,"comment_status":"open","ping_status":"closed","template":"","meta":{"inline_featured_image":false,"ngg_post_thumbnail":0,"footnotes":""},"class_list":["post-4736","page","type-page","status-publish","hentry"],"_links":{"self":[{"href":"https:\/\/darksidewood.com\/pl\/wp-json\/wp\/v2\/pages\/4736","targetHints":{"allow":["GET"]}}],"collection":[{"href":"https:\/\/darksidewood.com\/pl\/wp-json\/wp\/v2\/pages"}],"about":[{"href":"https:\/\/darksidewood.com\/pl\/wp-json\/wp\/v2\/types\/page"}],"author":[{"embeddable":true,"href":"https:\/\/darksidewood.com\/pl\/wp-json\/wp\/v2\/users\/1"}],"replies":[{"embeddable":true,"href":"https:\/\/darksidewood.com\/pl\/wp-json\/wp\/v2\/comments?post=4736"}],"version-history":[{"count":13,"href":"https:\/\/darksidewood.com\/pl\/wp-json\/wp\/v2\/pages\/4736\/revisions"}],"predecessor-version":[{"id":5433,"href":"https:\/\/darksidewood.com\/pl\/wp-json\/wp\/v2\/pages\/4736\/revisions\/5433"}],"wp:attachment":[{"href":"https:\/\/darksidewood.com\/pl\/wp-json\/wp\/v2\/media?parent=4736"}],"curies":[{"name":"wp","href":"https:\/\/api.w.org\/{rel}","templated":true}]}}