{"id":4041,"date":"2020-12-21T11:34:41","date_gmt":"2020-12-21T11:34:41","guid":{"rendered":"https:\/\/darksidewood.com\/shop\/darksidewood\/darksidewood-carbon-azuolas\/"},"modified":"2023-06-18T11:51:45","modified_gmt":"2023-06-18T11:51:45","slug":"darksidewood-carbon-oak","status":"publish","type":"page","link":"https:\/\/darksidewood.com\/en\/shop\/charred-wood\/darksidewood-carbon-oak\/","title":{"rendered":"DARKSIDEWOOD CARBON OAK"},"content":{"rendered":"<div  class=\"tatsu-BJ-GeEmR3M tatsu-section    tatsu-clearfix\" data-title=\"\"  data-headerscheme=\"background--dark\"><div class='tatsu-section-pad clearfix' data-padding='{\"d\":\"220px 0px 220px 0px \"}' data-padding-top='220px'><div class=\"tatsu-row-wrap  tatsu-wrap tatsu-row-one-col tatsu-row-has-one-cols tatsu-medium-gutter tatsu-reg-cols  tatsu-clearfix tatsu-HklzeE7A2f\" ><div  class=\"tatsu-row \" ><div  class=\"tatsu-column  tatsu-column-no-bg tatsu-one-col tatsu-column-image-none tatsu-column-effect-none  tatsu-HyfeVXRhf\"  data-parallax-speed=\"0\" style=\"\"><div class=\"tatsu-column-inner \" ><div class=\"tatsu-column-pad-wrap\"><div class=\"tatsu-column-pad\" ><div  class=\"tatsu-module tatsu-text-block-wrap tatsu-RXEX7hgg_  sb-h1\"><div class=\"tatsu-text-inner tatsu-align-center  clearfix\" ><style>.tatsu-RXEX7hgg_.tatsu-text-block-wrap .tatsu-text-inner{width: 100%;text-align: left;color: rgba(255,255,255,1) ;}.tatsu-RXEX7hgg_ .tatsu-text-inner *{color: rgba(255,255,255,1) ;}<\/style>\n<h1 style=\"text-align: center;\"><strong>DARKSIDEWOOD CARBON OAK<\/strong><\/h1>\n<\/div><\/div><\/div><\/div><div class = \"tatsu-column-bg-image-wrap\"><div class = \"tatsu-column-bg-image\" ><\/div><\/div><\/div><style>.tatsu-row > .tatsu-HyfeVXRhf.tatsu-column{width: 100%;}.tatsu-HyfeVXRhf.tatsu-column > .tatsu-column-inner > .tatsu-column-overlay{mix-blend-mode: none;}.tatsu-HyfeVXRhf > .tatsu-column-inner > .tatsu-top-divider{z-index: 9999;}.tatsu-HyfeVXRhf > .tatsu-column-inner > .tatsu-bottom-divider{z-index: 9999;}.tatsu-HyfeVXRhf > .tatsu-column-inner > .tatsu-left-divider{z-index: 9999;}.tatsu-HyfeVXRhf > .tatsu-column-inner > .tatsu-right-divider{z-index: 9999;}<\/style><\/div><\/div><\/div><\/div><div class=\"tatsu-section-background-wrap\"><div class = \"tatsu-section-background\" ><\/div><\/div><style>.tatsu-BJ-GeEmR3M .tatsu-section-background{background-image: url(https:\/\/darksidewood.com\/wp-content\/uploads\/2020\/12\/azuolas_carbon-1.jpg);background-repeat: no-repeat;background-attachment: scroll;background-position: bottom center;background-size: cover;}.tatsu-BJ-GeEmR3M .tatsu-bg-blur{background-repeat: no-repeat;background-attachment: scroll;background-position: bottom center;background-size: cover;}.tatsu-BJ-GeEmR3M .tatsu-section-pad{padding: 220px 0px 220px 0px ;}.tatsu-BJ-GeEmR3M > .tatsu-bottom-divider{z-index: 9999;}.tatsu-BJ-GeEmR3M > .tatsu-top-divider{z-index: 9999;}<\/style><\/div><div  class=\"tatsu-eRFUYusLg tatsu-section    tatsu-clearfix\" data-title=\"\"  data-headerscheme=\"background--dark\"><div class='tatsu-section-pad clearfix' data-padding='{\"d\":\"45px 0% 45px 0%\"}' data-padding-top='45px'><div class=\"tatsu-row-wrap  tatsu-wrap tatsu-row-one-col tatsu-row-has-one-cols tatsu-medium-gutter tatsu-reg-cols  tatsu-clearfix tatsu-OD4BzNf-2Z\" ><div  class=\"tatsu-row \" ><div  class=\"tatsu-column  tatsu-column-no-bg tatsu-one-col tatsu-column-image-none tatsu-column-effect-none  tatsu-XINY5WqCth\"  data-parallax-speed=\"0\" style=\"\"><div class=\"tatsu-column-inner \" ><div class=\"tatsu-column-pad-wrap\"><div class=\"tatsu-column-pad\" ><div class=\"tatsu-row-wrap  tatsu-row-has-one-half tatsu-row-has-two-cols tatsu-medium-gutter tatsu-reg-cols tatsu-inner-row-wrap  tatsu-clearfix tatsu-TdYstHyehk\" ><div  class=\"tatsu-row \" ><div  class=\"tatsu-column  tatsu-bg-overlay tatsu-one-half tatsu-column-image- tatsu-column-effect-  tatsu-TFsQifSCF\"  data-parallax-speed=\"0\" style=\"\"><div class=\"tatsu-column-inner \" ><div class=\"tatsu-column-pad-wrap\"><div class=\"tatsu-column-pad\" ><div  class=\"tatsu-module tatsu-normal-button tatsu-button-wrap align-block block-center  tatsu-vvLALU5if   \"><a class=\"tatsu-shortcode blockbtn tatsu-button left-icon    bg-animation-none  \" href=\"\/#apie-produkta\" style= \"\"  aria-label=\"ABOUT THE PRODUCT\" data-gdpr-atts={} >ABOUT THE PRODUCT<\/a><style>.tatsu-vvLALU5if .tatsu-button{background-color: rgba(255,201,14,1);color: #ffffff ;}.tatsu-vvLALU5if .tatsu-button:hover{background-color: #222222;color: rgba(255,201,14,1) ;}<\/style><\/div><\/div><\/div><div class = \"tatsu-column-bg-image-wrap\"><div class = \"tatsu-column-bg-image\" ><\/div><\/div><div class=\"tatsu-overlay tatsu-column-overlay tatsu-animate-none\" ><\/div><\/div><style>.tatsu-row > .tatsu-TFsQifSCF.tatsu-column{width: 50%;}.tatsu-TFsQifSCF.tatsu-column > .tatsu-column-inner > .tatsu-column-overlay{mix-blend-mode: normal;}.tatsu-TFsQifSCF > .tatsu-column-inner > .tatsu-top-divider{z-index: 9999;}.tatsu-TFsQifSCF > .tatsu-column-inner > .tatsu-bottom-divider{z-index: 9999;}.tatsu-TFsQifSCF > .tatsu-column-inner > .tatsu-left-divider{z-index: 9999;}.tatsu-TFsQifSCF > .tatsu-column-inner > .tatsu-right-divider{z-index: 9999;}@media only screen and (max-width:1377px) {.tatsu-row > .tatsu-TFsQifSCF.tatsu-column{width: 50%;}}@media only screen and (min-width:768px) and (max-width: 1024px) {.tatsu-row > .tatsu-TFsQifSCF.tatsu-column{width: 50%;}}@media only screen and (max-width: 767px) {.tatsu-row > .tatsu-TFsQifSCF.tatsu-column{width: 100%;}}<\/style><\/div><div  class=\"tatsu-column  tatsu-bg-overlay tatsu-one-half tatsu-column-image- tatsu-column-effect-  tatsu-OmDnZcERRG\"  data-parallax-speed=\"0\" style=\"\"><div class=\"tatsu-column-inner \" ><div class=\"tatsu-column-pad-wrap\"><div class=\"tatsu-column-pad\" ><div  class=\"tatsu-module tatsu-normal-button tatsu-button-wrap align-block block-center  tatsu-rcbM7IEa2   \"><a class=\"tatsu-shortcode blockbtn tatsu-button left-icon    bg-animation-none  \" href=\"\/#pateikti-uzklausa\" style= \"\"  aria-label=\"MAKE AN INQUIRY\" data-gdpr-atts={} >MAKE AN INQUIRY<\/a><style>.tatsu-rcbM7IEa2 .tatsu-button{background-color: rgba(255,201,14,1);color: #ffffff ;}.tatsu-rcbM7IEa2 .tatsu-button:hover{background-color: #222222;color: rgba(255,201,14,1) ;}<\/style><\/div><\/div><\/div><div class = \"tatsu-column-bg-image-wrap\"><div class = \"tatsu-column-bg-image\" ><\/div><\/div><div class=\"tatsu-overlay tatsu-column-overlay tatsu-animate-none\" ><\/div><\/div><style>.tatsu-row > .tatsu-OmDnZcERRG.tatsu-column{width: 50%;}.tatsu-OmDnZcERRG.tatsu-column > .tatsu-column-inner > .tatsu-column-overlay{mix-blend-mode: normal;}.tatsu-OmDnZcERRG > .tatsu-column-inner > .tatsu-top-divider{z-index: 9999;}.tatsu-OmDnZcERRG > .tatsu-column-inner > .tatsu-bottom-divider{z-index: 9999;}.tatsu-OmDnZcERRG > .tatsu-column-inner > .tatsu-left-divider{z-index: 9999;}.tatsu-OmDnZcERRG > .tatsu-column-inner > .tatsu-right-divider{z-index: 9999;}@media only screen and (max-width:1377px) {.tatsu-row > .tatsu-OmDnZcERRG.tatsu-column{width: 50%;}}@media only screen and (min-width:768px) and (max-width: 1024px) {.tatsu-row > .tatsu-OmDnZcERRG.tatsu-column{width: 50%;}}@media only screen and (max-width: 767px) {.tatsu-row > .tatsu-OmDnZcERRG.tatsu-column{width: 100%;}}<\/style><\/div><\/div><\/div><\/div><\/div><div class = \"tatsu-column-bg-image-wrap\"><div class = \"tatsu-column-bg-image\" ><\/div><\/div><\/div><style>.tatsu-row > .tatsu-XINY5WqCth.tatsu-column{width: 100%;}.tatsu-XINY5WqCth.tatsu-column > .tatsu-column-inner > .tatsu-column-overlay{mix-blend-mode: none;}.tatsu-XINY5WqCth > .tatsu-column-inner > .tatsu-top-divider{z-index: 9999;}.tatsu-XINY5WqCth > .tatsu-column-inner > .tatsu-bottom-divider{z-index: 9999;}.tatsu-XINY5WqCth > .tatsu-column-inner > .tatsu-left-divider{z-index: 9999;}.tatsu-XINY5WqCth > .tatsu-column-inner > .tatsu-right-divider{z-index: 9999;}<\/style><\/div><\/div><\/div><\/div><div class=\"tatsu-section-background-wrap\"><div class = \"tatsu-section-background\" ><\/div><\/div><style>.tatsu-eRFUYusLg.tatsu-section{background-color: rgba(242,245,248,1);}.tatsu-eRFUYusLg .tatsu-section-pad{padding: 45px 0% 45px 0%;}.tatsu-eRFUYusLg > .tatsu-bottom-divider{z-index: 9999;}.tatsu-eRFUYusLg > .tatsu-top-divider{z-index: 9999;}<\/style><\/div><div id=\"apie-produkta\" class=\"tatsu-bInzQgf4v tatsu-section    tatsu-clearfix\" data-title=\"\"  data-headerscheme=\"background--dark\"><div class='tatsu-section-pad clearfix' data-padding='{\"d\":\"45px 0% 45px 0%\"}' data-padding-top='45px'><div class=\"tatsu-row-wrap  tatsu-wrap tatsu-row-one-col tatsu-row-has-one-cols tatsu-medium-gutter tatsu-reg-cols  tatsu-clearfix tatsu-KENBo04eC5\" ><div  class=\"tatsu-row \" ><div  class=\"tatsu-column  tatsu-column-no-bg tatsu-one-col tatsu-column-image-none tatsu-column-effect-none  tatsu-YmqNmJarXg\"  data-parallax-speed=\"0\" style=\"\"><div class=\"tatsu-column-inner \" ><div class=\"tatsu-column-pad-wrap\"><div class=\"tatsu-column-pad\" ><div  class=\"tatsu-module tatsu-text-block-wrap tatsu-NpkbhqQ7ZY  sb-h2\"><div class=\"tatsu-text-inner tatsu-align-center  clearfix\" ><style>.tatsu-NpkbhqQ7ZY.tatsu-text-block-wrap .tatsu-text-inner{width: 100%;text-align: left;}.tatsu-NpkbhqQ7ZY.tatsu-text-block-wrap{margin: 0px 0px 10px 0px;}.tatsu-NpkbhqQ7ZY.tatsu-text-block-wrap .tatsu-text-inner *{font-weight : 400;text-transform : uppercase;font-size : 20px;line-height : 20px;}<\/style>\n<h2><strong>About Carbon Oak<\/strong><\/h2>\n<\/div><\/div><div  class=\"tatsu-module tatsu-text-block-wrap tatsu-nQVtEErKFL  \"><div class=\"tatsu-text-inner tatsu-align-center  clearfix\" ><style>.tatsu-nQVtEErKFL.tatsu-text-block-wrap .tatsu-text-inner{width: 100%;text-align: left;}<\/style>\n<p>Oak timber is highly resistant to external factors, so it is a popular building material not only for furniture but also for facades. DARKSIDEWOOD CARBON technology highlights the natural texture of oak siding and its patterns. This choice is not only practical but also good-looking.<\/p>\n<\/div><\/div><div class=\"tatsu-row-wrap  tatsu-row-has-one-half tatsu-row-has-two-cols tatsu-medium-gutter tatsu-reg-cols tatsu-inner-row-wrap  tatsu-clearfix tatsu-wOGHYdCtog\" ><div  class=\"tatsu-row \" ><div  class=\"tatsu-column  tatsu-bg-overlay tatsu-one-half tatsu-column-image- tatsu-column-effect-  tatsu-QMkl6Go_b1\"  data-parallax-speed=\"0\" style=\"\"><div class=\"tatsu-column-inner \" ><div class=\"tatsu-column-pad-wrap\"><div class=\"tatsu-column-pad\" ><div  class=\"tatsu-single-image tatsu-module align-center tatsu-image-lazyload tatsu-dlKpkPYaFi  \" ><div class=\"tatsu-single-image-inner \" style=\"width : 1920px;\" ><div class = \"tatsu-single-image-padding-wrap\" style = \"padding-bottom : 75%;\" ><\/div><a class = \"mfp-image\" href = \"https:\/\/darksidewood.com\/wp-content\/uploads\/2021\/01\/darksidewood-carbon-azuolas-scaled.jpg\" ><img class = \"tatsu-gradient-border\" alt = \"Degintas \u0105\u017euolas, charred oak\" title = \"darksidewood carbon \u0105\u017euolas\" data-src = \"https:\/\/darksidewood.com\/wp-content\/uploads\/2021\/01\/darksidewood-carbon-azuolas-scaled.jpg\" src =\"data:image\/png;base64,iVBORw0KGgoAAAANSUhEUgAAAAEAAAABCAQAAAC1HAwCAAAAC0lEQVR42mNkYAAAAAYAAjCB0C8AAAAASUVORK5CYII=\"  \/><\/a><\/div><style>.tatsu-dlKpkPYaFi{margin: 0px 0 0 0;padding: 0px 0 0 0;}.tatsu-dlKpkPYaFi .tatsu-single-image-inner{border-style: solid;max-width: 100%;}.tatsu-dlKpkPYaFi.tatsu-single-image{transform: translate3d(0px,0px, 0);}<\/style><\/div><div  class=\"tatsu-empty-space  tatsu-Rc8c6mkacO  \" ><style>.tatsu-Rc8c6mkacO.tatsu-empty-space{height: 10px;}<\/style><\/div><\/div><\/div><div class = \"tatsu-column-bg-image-wrap\"><div class = \"tatsu-column-bg-image\" ><\/div><\/div><div class=\"tatsu-overlay tatsu-column-overlay tatsu-animate-none\" ><\/div><\/div><style>.tatsu-row > .tatsu-QMkl6Go_b1.tatsu-column{width: 50%;}.tatsu-QMkl6Go_b1.tatsu-column > .tatsu-column-inner > .tatsu-column-overlay{mix-blend-mode: normal;}.tatsu-QMkl6Go_b1 > .tatsu-column-inner > .tatsu-top-divider{z-index: 9999;}.tatsu-QMkl6Go_b1 > .tatsu-column-inner > .tatsu-bottom-divider{z-index: 9999;}.tatsu-QMkl6Go_b1 > .tatsu-column-inner > .tatsu-left-divider{z-index: 9999;}.tatsu-QMkl6Go_b1 > .tatsu-column-inner > .tatsu-right-divider{z-index: 9999;}@media only screen and (max-width:1377px) {.tatsu-row > .tatsu-QMkl6Go_b1.tatsu-column{width: 50%;}}@media only screen and (min-width:768px) and (max-width: 1024px) {.tatsu-row > .tatsu-QMkl6Go_b1.tatsu-column{width: 50%;}}@media only screen and (max-width: 767px) {.tatsu-row > .tatsu-QMkl6Go_b1.tatsu-column{width: 100%;}}<\/style><\/div><div  class=\"tatsu-column  tatsu-bg-overlay tatsu-one-half tatsu-column-image- tatsu-column-effect-  tatsu-kc610dgiOIX\"  data-parallax-speed=\"0\" style=\"\"><div class=\"tatsu-column-inner \" ><div class=\"tatsu-column-pad-wrap\"><div class=\"tatsu-column-pad\" ><div  class=\"tatsu-single-image tatsu-module align-center tatsu-image-lazyload tatsu-PgylhHr1rSs  \" ><div class=\"tatsu-single-image-inner \" style=\"width : 1920px;\" ><div class = \"tatsu-single-image-padding-wrap\" style = \"padding-bottom : 75%;\" ><\/div><a class = \"mfp-image\" href = \"https:\/\/darksidewood.com\/wp-content\/uploads\/2021\/01\/azuolas_carbon-scaled.jpg\" ><img class = \"tatsu-gradient-border\" alt = \"Degintas \u0105\u017euolas, charred oak\" title = \"azuolas_carbon\" data-src = \"https:\/\/darksidewood.com\/wp-content\/uploads\/2021\/01\/azuolas_carbon-scaled.jpg\" src =\"data:image\/png;base64,iVBORw0KGgoAAAANSUhEUgAAAAEAAAABCAQAAAC1HAwCAAAAC0lEQVR42mNkYAAAAAYAAjCB0C8AAAAASUVORK5CYII=\"  \/><\/a><\/div><style>.tatsu-PgylhHr1rSs{margin: 0px 0 0 0;padding: 0px 0 0 0;}.tatsu-PgylhHr1rSs .tatsu-single-image-inner{border-style: solid;max-width: 100%;}.tatsu-PgylhHr1rSs.tatsu-single-image{transform: translate3d(0px,0px, 0);}<\/style><\/div><div  class=\"tatsu-empty-space  tatsu-6e1JlAXQyd6  \" ><style>.tatsu-6e1JlAXQyd6.tatsu-empty-space{height: 10px;}<\/style><\/div><div  class=\"tatsu-empty-space  tatsu-j32gZLoKk9N  \" ><style>.tatsu-j32gZLoKk9N.tatsu-empty-space{height: 10px;}<\/style><\/div><\/div><\/div><div class = \"tatsu-column-bg-image-wrap\"><div class = \"tatsu-column-bg-image\" ><\/div><\/div><div class=\"tatsu-overlay tatsu-column-overlay tatsu-animate-none\" ><\/div><\/div><style>.tatsu-row > .tatsu-kc610dgiOIX.tatsu-column{width: 50%;}.tatsu-kc610dgiOIX.tatsu-column > .tatsu-column-inner > .tatsu-column-overlay{mix-blend-mode: normal;}.tatsu-kc610dgiOIX > .tatsu-column-inner > .tatsu-top-divider{z-index: 9999;}.tatsu-kc610dgiOIX > .tatsu-column-inner > .tatsu-bottom-divider{z-index: 9999;}.tatsu-kc610dgiOIX > .tatsu-column-inner > .tatsu-left-divider{z-index: 9999;}.tatsu-kc610dgiOIX > .tatsu-column-inner > .tatsu-right-divider{z-index: 9999;}@media only screen and (max-width:1377px) {.tatsu-row > .tatsu-kc610dgiOIX.tatsu-column{width: 50%;}}@media only screen and (min-width:768px) and (max-width: 1024px) {.tatsu-row > .tatsu-kc610dgiOIX.tatsu-column{width: 50%;}}@media only screen and (max-width: 767px) {.tatsu-row > .tatsu-kc610dgiOIX.tatsu-column{width: 100%;}}<\/style><\/div><\/div><\/div><\/div><\/div><div class = \"tatsu-column-bg-image-wrap\"><div class = \"tatsu-column-bg-image\" ><\/div><\/div><\/div><style>.tatsu-row > .tatsu-YmqNmJarXg.tatsu-column{width: 100%;}.tatsu-YmqNmJarXg.tatsu-column > .tatsu-column-inner > .tatsu-column-overlay{mix-blend-mode: none;}.tatsu-YmqNmJarXg > .tatsu-column-inner > .tatsu-top-divider{z-index: 9999;}.tatsu-YmqNmJarXg > .tatsu-column-inner > .tatsu-bottom-divider{z-index: 9999;}.tatsu-YmqNmJarXg > .tatsu-column-inner > .tatsu-left-divider{z-index: 9999;}.tatsu-YmqNmJarXg > .tatsu-column-inner > .tatsu-right-divider{z-index: 9999;}<\/style><\/div><\/div><\/div><\/div><div class=\"tatsu-section-background-wrap\"><div class = \"tatsu-section-background\" ><\/div><\/div><style>.tatsu-bInzQgf4v .tatsu-section-pad{padding: 45px 0% 45px 0%;}.tatsu-bInzQgf4v > .tatsu-bottom-divider{z-index: 9999;}.tatsu-bInzQgf4v > .tatsu-top-divider{z-index: 9999;}<\/style><\/div><div id=\"pateikti-uzklausa\" class=\"tatsu-gm7gABkKy tatsu-section    tatsu-clearfix\" data-title=\"\"  data-headerscheme=\"background--dark\"><div class='tatsu-section-pad clearfix' data-padding='{\"d\":\"90px 0% 90px 0%\"}' data-padding-top='90px'><div class=\"tatsu-row-wrap  tatsu-wrap tatsu-row-one-col tatsu-row-has-one-cols tatsu-medium-gutter tatsu-reg-cols  tatsu-clearfix tatsu-5n1yNxuYLR\" ><div  class=\"tatsu-row \" ><div  class=\"tatsu-column  tatsu-column-no-bg tatsu-one-col tatsu-column-image-none tatsu-column-effect-none  tatsu-EquhV790pZ\"  data-parallax-speed=\"0\" style=\"\"><div class=\"tatsu-column-inner \" ><div class=\"tatsu-column-pad-wrap\"><div class=\"tatsu-column-pad\" ><div  class=\"tatsu-module tatsu-text-block-wrap tatsu-jWbmJ7TYN3  sb-h2\"><div class=\"tatsu-text-inner tatsu-align-center  clearfix\" ><style>.tatsu-jWbmJ7TYN3.tatsu-text-block-wrap .tatsu-text-inner{width: 100%;text-align: left;}.tatsu-jWbmJ7TYN3.tatsu-text-block-wrap{margin: 0px 0px 10px 0px;}.tatsu-jWbmJ7TYN3.tatsu-text-block-wrap .tatsu-text-inner *{font-weight : 400;text-transform : uppercase;font-size : 20px;line-height : 20px;}<\/style>\n<h2><strong>Send a request<\/strong><\/h2>\n<\/div><\/div><div  class=\"tatsu-module tatsu-text-block-wrap tatsu-t6fKHchh-w  \"><div class=\"tatsu-text-inner tatsu-align-center  clearfix\" ><style>.tatsu-t6fKHchh-w.tatsu-text-block-wrap .tatsu-text-inner{width: 100%;text-align: left;}<\/style>\n<p>To find out more, ask additional questions, or get a preliminary quote for a non-standard solution, please contact us directly using the request form below. We will be happy to advise, calculate, and evaluate the suitability and possibilities of the best solution for you.<\/p>\n<\/div><\/div><div class=\"tatsu-row-wrap  tatsu-row-one-col tatsu-row-has-one-cols tatsu-medium-gutter tatsu-reg-cols tatsu-inner-row-wrap  tatsu-clearfix tatsu-1BNqk_P04y\" ><div  class=\"tatsu-row \" ><div  class=\"tatsu-column  tatsu-bg-overlay tatsu-one-col tatsu-column-image- tatsu-column-effect-  tatsu-RpNV6waQ8g\"  data-parallax-speed=\"0\" style=\"\"><div class=\"tatsu-column-inner \" ><div class=\"tatsu-column-pad-wrap\"><div class=\"tatsu-column-pad\" ><div  class=\"tatsu-module tatsu-text-block-wrap tatsu-NRMOua6tzW  \"><div class=\"tatsu-text-inner tatsu-align-center  clearfix\" ><style>.tatsu-NRMOua6tzW.tatsu-text-block-wrap .tatsu-text-inner{width: 100%;text-align: left;}<\/style><div class=\"frm_forms  with_frm_style frm_style_formidable-style\" id=\"frm_form_7_container\" data-token=\"0f76eabcb6645169692ba625ff271646\">\n<form enctype=\"multipart\/form-data\" method=\"post\" class=\"frm-show-form  frm_js_validate  frm_ajax_submit  frm_pro_form \" id=\"form_darksidewoodproduktouklausaen\"  data-token=\"0f76eabcb6645169692ba625ff271646\">\n<div class=\"frm_form_fields \">\n<fieldset>\n<legend class=\"frm_screen_reader\">Darksidewood produkto u\u017eklausa EN<\/legend>\r\n\r\n<div class=\"frm_fields_container\">\n<input type=\"hidden\" name=\"frm_action\" value=\"create\" \/>\n<input type=\"hidden\" name=\"form_id\" value=\"7\" \/>\n<input type=\"hidden\" name=\"frm_hide_fields_7\" id=\"frm_hide_fields_7\" value=\"\" \/>\n<input type=\"hidden\" name=\"form_key\" value=\"darksidewoodproduktouklausaen\" \/>\n<input type=\"hidden\" name=\"item_meta[0]\" value=\"\" \/>\n<input type=\"hidden\" id=\"frm_submit_entry_7\" name=\"frm_submit_entry_7\" value=\"35e89866c2\" \/><input type=\"hidden\" name=\"_wp_http_referer\" value=\"\/en\/wp-json\/wp\/v2\/pages\/4041\" \/><div id=\"frm_field_170_container\" class=\"frm_form_field form-field  frm_required_field frm_top_container\">\r\n    <label for=\"field_41lei2\" id=\"field_41lei2_label\" class=\"frm_primary_label\">Name\r\n        <span class=\"frm_required\" aria-hidden=\"true\">*<\/span>\r\n    <\/label>\r\n    <input type=\"text\" id=\"field_41lei2\" name=\"item_meta[170]\" value=\"\"  data-reqmsg=\"\u0160is laukas negali b\u016bti tu\u0161\u010dias.\" aria-required=\"true\" data-invmsg=\"Text is invalid\" aria-invalid=\"false\"  \/>\r\n    \r\n    \r\n<\/div>\n<div id=\"frm_field_171_container\" class=\"frm_form_field form-field  frm_required_field frm_top_container frm12 frm_first\">\r\n    <label for=\"field_blz3p2\" id=\"field_blz3p2_label\" class=\"frm_primary_label\">Email\r\n        <span class=\"frm_required\" aria-hidden=\"true\">*<\/span>\r\n    <\/label>\r\n    <input type=\"email\" id=\"field_blz3p2\" name=\"item_meta[171]\" value=\"\"  data-reqmsg=\"\u0160is laukas negali b\u016bti tu\u0161\u010dias.\" aria-required=\"true\" data-invmsg=\"Email is invalid\" aria-invalid=\"false\"  \/>\r\n    \r\n    \r\n<\/div>\n<div id=\"frm_field_172_container\" class=\"frm_form_field form-field  frm_required_field frm_top_container frm12 frm_first\">\r\n    <label for=\"field_pr09p2\" id=\"field_pr09p2_label\" class=\"frm_primary_label\">Phone number\r\n        <span class=\"frm_required\" aria-hidden=\"true\">*<\/span>\r\n    <\/label>\r\n    <input type=\"tel\" id=\"field_pr09p2\" name=\"item_meta[172]\" value=\"\"  data-reqmsg=\"\u0160is laukas negali b\u016bti tu\u0161\u010dias.\" aria-required=\"true\" data-invmsg=\"Phone is invalid\" aria-invalid=\"false\" pattern=\"((\\+\\d{1,3}(-|.| )?\\(?\\d\\)?(-| |.)?\\d{1,5})|(\\(?\\d{2,6}\\)?))(-|.| )?(\\d{3,4})(-|.| )?(\\d{4})(( x| ext)\\d{1,5}){0,1}$\"  \/>\r\n    \r\n    \r\n<\/div>\n<div id=\"frm_field_173_container\" class=\"frm_form_field form-field  frm_required_field frm_top_container\">\r\n    <label for=\"field_hrv4\" id=\"field_hrv4_label\" class=\"frm_primary_label\">Questions\r\n        <span class=\"frm_required\" aria-hidden=\"true\">*<\/span>\r\n    <\/label>\r\n    <textarea name=\"item_meta[173]\" id=\"field_hrv4\" rows=\"5\"  data-reqmsg=\"\u0160is laukas negali b\u016bti tu\u0161\u010dias.\" aria-required=\"true\" data-invmsg=\"Paragraph is invalid\" aria-invalid=\"false\"  ><\/textarea>\r\n    \r\n    \r\n<\/div>\n<div id=\"frm_field_174_container\" class=\"frm_form_field form-field  frm_none_container\">\r\n    <label for=\"g-recaptcha-response\" id=\"field_wihx_label\" class=\"frm_primary_label\">Captcha\r\n        <span class=\"frm_required\" aria-hidden=\"true\"><\/span>\r\n    <\/label>\r\n    <div  id=\"field_wihx\" class=\"frm-g-recaptcha\" data-sitekey=\"6LdF1CYaAAAAADijbfYyy4sU36o6eNWWbGG2tpr7\" data-size=\"invisible\" data-theme=\"light\"><\/div>\r\n    \r\n    \r\n<\/div>\n<div id=\"frm_field_186_container\" class=\"frm_form_field form-field \">\n\t<div class=\"frm_submit\">\r\n\r\n<button class=\"frm_button_submit frm_final_submit\" type=\"submit\"   formnovalidate=\"formnovalidate\">SEND INQUIRY<\/button>\r\n\r\n\r\n<\/div>\n<\/div>\n\t<input type=\"hidden\" name=\"item_key\" value=\"\" \/>\n\t\t\t\t<div class=\"frm__65bccbb67136e\">\n\t\t\t\t<label for=\"frm_email_7\" >\n\t\t\t\t\tIf you are human, leave this field blank.\t\t\t\t<\/label>\n\t\t\t\t<input  id=\"frm_email_7\" type=\"text\" class=\"frm_verify\" name=\"frm__65bccbb67136e\" value=\"\" autocomplete=\"false\"  \/>\n\t\t\t<\/div>\n\t\t<input name=\"frm_state\" type=\"hidden\" value=\"5M2pyK8Z7E4cUUXWnX8msAw9gIG2RAYcm2gXe1qJUAY=\" \/><\/div>\n<\/fieldset>\n<\/div>\n<\/form>\n<\/div>\n<\/div><\/div><\/div><\/div><div class = \"tatsu-column-bg-image-wrap\"><div class = \"tatsu-column-bg-image\" ><\/div><\/div><div class=\"tatsu-overlay tatsu-column-overlay tatsu-animate-none\" ><\/div><\/div><style>.tatsu-row > .tatsu-RpNV6waQ8g.tatsu-column{width: 100%;}.tatsu-RpNV6waQ8g.tatsu-column > .tatsu-column-inner > .tatsu-column-overlay{mix-blend-mode: normal;}.tatsu-RpNV6waQ8g > .tatsu-column-inner > .tatsu-top-divider{z-index: 9999;}.tatsu-RpNV6waQ8g > .tatsu-column-inner > .tatsu-bottom-divider{z-index: 9999;}.tatsu-RpNV6waQ8g > .tatsu-column-inner > .tatsu-left-divider{z-index: 9999;}.tatsu-RpNV6waQ8g > .tatsu-column-inner > .tatsu-right-divider{z-index: 9999;}@media only screen and (max-width:1377px) {.tatsu-row > .tatsu-RpNV6waQ8g.tatsu-column{width: 100%;}}@media only screen and (min-width:768px) and (max-width: 1024px) {.tatsu-row > .tatsu-RpNV6waQ8g.tatsu-column{width: 100%;}}@media only screen and (max-width: 767px) {.tatsu-row > .tatsu-RpNV6waQ8g.tatsu-column{width: 100%;}}<\/style><\/div><\/div><\/div><\/div><\/div><div class = \"tatsu-column-bg-image-wrap\"><div class = \"tatsu-column-bg-image\" ><\/div><\/div><\/div><style>.tatsu-row > .tatsu-EquhV790pZ.tatsu-column{width: 100%;}.tatsu-EquhV790pZ.tatsu-column > .tatsu-column-inner > .tatsu-column-overlay{mix-blend-mode: none;}.tatsu-EquhV790pZ > .tatsu-column-inner > .tatsu-top-divider{z-index: 9999;}.tatsu-EquhV790pZ > .tatsu-column-inner > .tatsu-bottom-divider{z-index: 9999;}.tatsu-EquhV790pZ > .tatsu-column-inner > .tatsu-left-divider{z-index: 9999;}.tatsu-EquhV790pZ > .tatsu-column-inner > .tatsu-right-divider{z-index: 9999;}<\/style><\/div><\/div><\/div><\/div><div class=\"tatsu-section-background-wrap\"><div class = \"tatsu-section-background\" ><\/div><\/div><style>.tatsu-gm7gABkKy.tatsu-section{background-color: rgba(255,255,255,1);}.tatsu-gm7gABkKy .tatsu-section-pad{padding: 90px 0% 90px 0%;}.tatsu-gm7gABkKy > .tatsu-bottom-divider{z-index: 9999;}.tatsu-gm7gABkKy > .tatsu-top-divider{z-index: 9999;}<\/style><\/div>\n","protected":false},"excerpt":{"rendered":"<p><a href=\"https:\/\/darksidewood.com\/en\/shop\/charred-wood\/darksidewood-carbon-oak\/\" class=\"more-link style2-button\">Read More<\/a><\/p>","protected":false},"author":1,"featured_media":0,"parent":4022,"menu_order":0,"comment_status":"open","ping_status":"closed","template":"","meta":{"inline_featured_image":false,"ngg_post_thumbnail":0,"footnotes":""},"class_list":["post-4041","page","type-page","status-publish","hentry"],"_links":{"self":[{"href":"https:\/\/darksidewood.com\/en\/wp-json\/wp\/v2\/pages\/4041","targetHints":{"allow":["GET"]}}],"collection":[{"href":"https:\/\/darksidewood.com\/en\/wp-json\/wp\/v2\/pages"}],"about":[{"href":"https:\/\/darksidewood.com\/en\/wp-json\/wp\/v2\/types\/page"}],"author":[{"embeddable":true,"href":"https:\/\/darksidewood.com\/en\/wp-json\/wp\/v2\/users\/1"}],"replies":[{"embeddable":true,"href":"https:\/\/darksidewood.com\/en\/wp-json\/wp\/v2\/comments?post=4041"}],"version-history":[{"count":0,"href":"https:\/\/darksidewood.com\/en\/wp-json\/wp\/v2\/pages\/4041\/revisions"}],"up":[{"embeddable":true,"href":"https:\/\/darksidewood.com\/en\/wp-json\/wp\/v2\/pages\/4022"}],"wp:attachment":[{"href":"https:\/\/darksidewood.com\/en\/wp-json\/wp\/v2\/media?parent=4041"}],"curies":[{"name":"wp","href":"https:\/\/api.w.org\/{rel}","templated":true}]}}